{"id":330,"date":"2015-03-24T18:02:57","date_gmt":"2015-03-24T17:02:57","guid":{"rendered":"https:\/\/lpdordogne.wordpress.com\/?page_id=330"},"modified":"2015-03-24T18:02:57","modified_gmt":"2015-03-24T17:02:57","slug":"front-laique-n89-edito-de-j-j-briere-de-lisle","status":"publish","type":"page","link":"https:\/\/www.lpdordogne.fr\/?page_id=330","title":{"rendered":"Front La\u00efque N\u00b089 &#8211; \u00e9dito de J-J. Bri\u00e8re de l&rsquo;Isle"},"content":{"rendered":"<h1>Editorial<\/h1>\n<p style=\"text-align:justify;\">Ce d\u00e9but d\u2019ann\u00e9e 2015, apr\u00e8s les v\u0153ux que tous s\u2019adressent les uns aux autres, marquant par ce rituel une convivialit\u00e9 toute empreinte d\u2019humanit\u00e9 et parfois charg\u00e9e de bulles, nous a fait toucher du doigt une r\u00e9alit\u00e9 toujours affligeante, la b\u00eatise, l\u2019ignorance et la cruaut\u00e9 sont et restent les fl\u00e9aux qu\u2019il faut combattre.<\/p>\n<p style=\"text-align:justify;\">Certes, depuis d\u00e9j\u00e0 plus de deux si\u00e8cles, avec Condorcet, Ferry, S\u00e9e et beaucoup d\u2019autres en ce qui concerne la France, l\u2019arme r\u00e9publicaine, c\u2019est l\u2019\u00c9cole Publique, c\u2019est un Minist\u00e8re de l\u2019Instruction Publique. Mais c\u2019est aussi un enseignement de l\u2019Histoire non truqu\u00e9e et ni instrumentalis\u00e9e qui est n\u00e9cessaire, vid\u00e9 des fausses v\u00e9rit\u00e9s et des \u00ab\u00a0contes\u00a0\u00bb \u00e0 dormir debout\u00a0: Jeanne d\u2019Arc s\u0153ur de Charles VII n\u2019a pas \u00e9t\u00e9 br\u00fbl\u00e9e \u00e0 Rouen, Clovis s\u2019est converti au christianisme pour dominer d\u2019autres clans m\u00e9rovingiens, les rois n\u2019\u00e9taient de \u00ab\u00a0droit divin\u00a0\u00bb que pour abuser le peuple et utiliser le clerg\u00e9 comme gardien du troupeau\u00a0!\u2026Les principes de la R\u00e9publique ont longtemps \u00e9t\u00e9 bafou\u00e9s, pour les esclaves noirs jusqu\u2019en 1848 en Europe, jusqu\u2019en 1964 au \u00c9tats Unis, pour les femmes jusqu\u2019en 1946 en France\u00a0; et l\u2019Union Europ\u00e9enne, pr\u00e9tendue l\u2019Europe, n\u2019est qu\u2019un assemblage de monarchies et de quelques r\u00e9publiques, mais o\u00f9 la la\u00efcit\u00e9 est bafou\u00e9e et o\u00f9 le Vatican man\u0153uvre en sous main.<\/p>\n<p style=\"text-align:justify;\">L\u2019Histoire d\u2019aujourd\u2019hui, celle que nous construisons, n\u2019est pas ce que les media, organes de propagande des pouvoirs en place, veulent nous nous faire croire. Le syst\u00e8me de la soci\u00e9t\u00e9 dans laquelle nous vivons, entra\u00eene une aberration dont les cons\u00e9quences sont insupportables\u00a0; d\u2019un c\u00f4t\u00e9, des centaines de millions d\u2019individus, vivants ou survivants dans une pauvret\u00e9, une d\u00e9ch\u00e9ance totale, ailleurs d\u2019autres, \u00ab\u00a0civilis\u00e9s\u00a0\u00bb vivants encore dans un relatif confort qui s\u2019amenuise, et \u00e0 l\u2019autre bout de l\u2019humanit\u00e9, quelque un pour cent qui d\u00e9tient des richesses incroyables, inimaginables dont l\u2019usage collectivis\u00e9 servirait au bien-\u00eatre de tous.<\/p>\n<p style=\"text-align:justify;\">Etienne de la Bo\u00e9tie dans son \u00ab\u00a0De la Servitude Volontaire ou Contr&rsquo;Un\u00a0\u00bb expose bien que la tyrannie ne subsiste que parce que des millions d&rsquo;hommes la tol\u00e8rent\u00a0.<\/p>\n<p style=\"text-align:justify;\">Chacun sait que pour \u00ab\u00a0r\u00e9gner, il faut diviser\u00a0\u00bb et pour diviser, rien de mieux que d\u2019exacerber les diff\u00e9rences, qu\u2019elles soient de langue, de peau, de sexe, de mode de vie, de communaut\u00e9, de quartier, de nourriture\u2026 vous pensez que j\u2019en oublie une\u00a0? non, les diff\u00e9rences de croyances, de superstitions, de religion, sont une recette toujours en vigueur pour opposer les hommes, partout sur la plan\u00e8te\u00a0; et cela va jusqu\u2019au meurtre ou aux massacres collectifs. Certes, l\u2019abrutissement passe aussi de nos jours par la petite lucarne\u00a0!!! par le sport spectacle, mais aussi par la drogue, source d\u2019enrichissement pour quelques uns ( la morale n\u2019est pas dans la m\u00eame main que l\u2019argent\u00a0!)<\/p>\n<p style=\"text-align:justify;\">Certains chefs d\u2019\u00c9tat fomentent des r\u00e9voltes contre des \u00ab\u00a0dictateurs\u00a0\u00bb qui la veille \u00e9taient leurs\u00a0\u00ab\u00a0amis\u00a0\u00bb, puis leur vendent des armes (c\u2019est le commerce ext\u00e9rieur\u00a0!), puis s\u2019aper\u00e7oivent que les r\u00e9volt\u00e9s ne sont plus fr\u00e9quentables, qu\u2019ils massacrent un peu trop, donc ils changent d\u2019amis\u00a0; mais pendant ce temps la vente d\u2019armes a bien march\u00e9, les villes sont d\u00e9truites, il faudra beaucoup de b\u00e9ton pour reconstruire..\u00a0; les affaires vont bien, les sous rentrent dans les caisses.<\/p>\n<p style=\"text-align:justify;\">Mais, n\u2019y avait-il pas des hommes, des femmes, des vieillards et des enfants l\u00e0 dessous\u00a0? Ce n\u2019est rien qu\u2019un chiffre sur des statistiques en face du chiffre des profits r\u00e9alis\u00e9s.<\/p>\n<p style=\"text-align:justify;\">Ce n\u2019est rien, ils iront prier dans leurs temples, se faire pardonner leurs \u00ab\u00a0fautes\u00a0\u00bb et recommencer.<\/p>\n<p style=\"text-align:justify;\">Car il est une constante dans l\u2019histoire, les chefs d\u2019\u00e9tat deviennent pratiquants d\u2019une religion lorsqu\u2019ils glissent vers la transgression de la d\u00e9mocratie. Je ne citerai pas de nom, il y en aurait trop, mais regardez bien autour de vous\u00a0; je doute que vous ne trouviez pas d\u2019exemple.<\/p>\n<p style=\"text-align:justify;\">Alors, n\u2019est-il pas temps que l\u2019Humanit\u00e9 prenne en main son organisation sociale pour collectivement mettre au service de tous les moyens qu\u2019elle poss\u00e8de d\u00e9j\u00e0, afin de satisfaire dans la Paix, les besoins essentiels de chacun des 7 milliards d\u2019\u00eatres humains, que ce soit en nourriture, en eau, en maintien de la sant\u00e9, en connaissance de la nature et des sciences et en instruction.<\/p>\n<p style=\"text-align:justify;\">J.J. Bri\u00e8re de l&rsquo;Isle<\/p>\n","protected":false},"excerpt":{"rendered":"<p>Editorial Ce d\u00e9but d\u2019ann\u00e9e 2015, apr\u00e8s les v\u0153ux que tous s\u2019adressent les uns aux autres, marquant par ce rituel une convivialit\u00e9 toute empreinte d\u2019humanit\u00e9 et parfois charg\u00e9e de bulles, nous a fait toucher du doigt une r\u00e9alit\u00e9 toujours affligeante, la b\u00eatise, l\u2019ignorance et la cruaut\u00e9 sont et restent les fl\u00e9aux qu\u2019il faut combattre. Certes, depuis &hellip; <a href=\"https:\/\/www.lpdordogne.fr\/?page_id=330\" class=\"more-link\">Continuer la lecture<span class=\"screen-reader-text\"> de &laquo;&nbsp;Front La\u00efque N\u00b089 &#8211; \u00e9dito de J-J. Bri\u00e8re de l&rsquo;Isle&nbsp;&raquo;<\/span><\/a><\/p>\n","protected":false},"author":2,"featured_media":334,"parent":0,"menu_order":0,"comment_status":"closed","ping_status":"closed","template":"","meta":{"footnotes":""},"class_list":["post-330","page","type-page","status-publish","has-post-thumbnail","hentry"],"_links":{"self":[{"href":"https:\/\/www.lpdordogne.fr\/index.php?rest_route=\/wp\/v2\/pages\/330","targetHints":{"allow":["GET"]}}],"collection":[{"href":"https:\/\/www.lpdordogne.fr\/index.php?rest_route=\/wp\/v2\/pages"}],"about":[{"href":"https:\/\/www.lpdordogne.fr\/index.php?rest_route=\/wp\/v2\/types\/page"}],"author":[{"embeddable":true,"href":"https:\/\/www.lpdordogne.fr\/index.php?rest_route=\/wp\/v2\/users\/2"}],"replies":[{"embeddable":true,"href":"https:\/\/www.lpdordogne.fr\/index.php?rest_route=%2Fwp%2Fv2%2Fcomments&post=330"}],"version-history":[{"count":0,"href":"https:\/\/www.lpdordogne.fr\/index.php?rest_route=\/wp\/v2\/pages\/330\/revisions"}],"wp:featuredmedia":[{"embeddable":true,"href":"https:\/\/www.lpdordogne.fr\/index.php?rest_route=\/wp\/v2\/media\/334"}],"wp:attachment":[{"href":"https:\/\/www.lpdordogne.fr\/index.php?rest_route=%2Fwp%2Fv2%2Fmedia&parent=330"}],"curies":[{"name":"wp","href":"https:\/\/api.w.org\/{rel}","templated":true}]}}